{"id":2,"date":"2026-03-24T10:00:08","date_gmt":"2026-03-24T09:00:08","guid":{"rendered":"http:\/\/192.168.178.109\/?page_id=2"},"modified":"2026-03-28T08:39:00","modified_gmt":"2026-03-28T07:39:00","slug":"beispiel-seite","status":"publish","type":"page","link":"https:\/\/muellerschmidt.de\/","title":{"rendered":"Home"},"content":{"rendered":"\n<p>Willkommen bei M\u00fcller &amp; Schmidt<\/p>\n\n\n\n<p>Die beiden Deejays Patrick M\u00fcller und Jan Schmidt sind bereit f\u00fcr ihre Veranstaltung!<\/p>\n\n\n\n<figure class=\"wp-block-image aligncenter size-medium\"><img loading=\"lazy\" decoding=\"async\" width=\"300\" height=\"300\" src=\"https:\/\/muellerschmidt.de\/wp-content\/uploads\/2026\/03\/MuellerSchmidtLogo-300x300.png\" alt=\"\" class=\"wp-image-29\" srcset=\"https:\/\/muellerschmidt.de\/wp-content\/uploads\/2026\/03\/MuellerSchmidtLogo-300x300.png 300w, https:\/\/muellerschmidt.de\/wp-content\/uploads\/2026\/03\/MuellerSchmidtLogo-1024x1024.png 1024w, https:\/\/muellerschmidt.de\/wp-content\/uploads\/2026\/03\/MuellerSchmidtLogo-150x150.png 150w, https:\/\/muellerschmidt.de\/wp-content\/uploads\/2026\/03\/MuellerSchmidtLogo-768x768.png 768w, https:\/\/muellerschmidt.de\/wp-content\/uploads\/2026\/03\/MuellerSchmidtLogo-1536x1536.png 1536w, https:\/\/muellerschmidt.de\/wp-content\/uploads\/2026\/03\/MuellerSchmidtLogo-2048x2048.png 2048w\" sizes=\"auto, (max-width: 300px) 100vw, 300px\" \/><\/figure>\n\n\n\n<div class=\"wp-block-columns is-layout-flex wp-container-core-columns-is-layout-28f84493 wp-block-columns-is-layout-flex\">\n<div class=\"wp-block-column is-layout-flow wp-block-column-is-layout-flow\" style=\"flex-basis:100%\">\n<p>Seit 2014 stehen Patrick M\u00fcller und Jan Schmidt gemeinsam als DJ Team hinter den Plattentellern.<\/p>\n\n\n\n<figure class=\"wp-block-image size-large\"><img loading=\"lazy\" decoding=\"async\" width=\"2560\" height=\"1440\" src=\"https:\/\/muellerschmidt.de\/wp-content\/uploads\/2026\/03\/patrickjan-edited-scaled.jpg\" alt=\"\" class=\"wp-image-55\" srcset=\"https:\/\/muellerschmidt.de\/wp-content\/uploads\/2026\/03\/patrickjan-edited-scaled.jpg 2560w, https:\/\/muellerschmidt.de\/wp-content\/uploads\/2026\/03\/patrickjan-edited-300x169.jpg 300w, https:\/\/muellerschmidt.de\/wp-content\/uploads\/2026\/03\/patrickjan-edited-1024x576.jpg 1024w, https:\/\/muellerschmidt.de\/wp-content\/uploads\/2026\/03\/patrickjan-edited-768x432.jpg 768w, https:\/\/muellerschmidt.de\/wp-content\/uploads\/2026\/03\/patrickjan-edited-1536x864.jpg 1536w, https:\/\/muellerschmidt.de\/wp-content\/uploads\/2026\/03\/patrickjan-edited-2048x1152.jpg 2048w\" sizes=\"auto, (max-width: 2560px) 100vw, 2560px\" \/><\/figure>\n\n\n\n<p class=\"is-style-text-subtitle has-small-font-size is-style-text-subtitle--1\">Bild: Patrick und Jan zu Gast bei der Narrenzunft Neresheim e.V.<\/p>\n\n\n\n<p>Die Deejays mixen feinste Partymusik, Rhythmen aus den Charts und Hits der letzten Jahrzehnte. Dabei werden viele Genres gemischt und zu einem treibenden und treibenden Partysound geformt.<\/p>\n<\/div>\n<\/div>\n\n\n\n<div class=\"wp-block-buttons is-content-justification-center is-layout-flex wp-container-core-buttons-is-layout-a89b3969 wp-block-buttons-is-layout-flex\">\n<div class=\"wp-block-button\"><a class=\"wp-block-button__link wp-element-button\" href=\"https:\/\/muellerschmidt.de\/index.php\/kontakt\/\">Kontakt<\/a><\/div>\n<\/div>\n\n\n\n<div class=\"wp-block-group has-global-padding is-layout-constrained wp-block-group-is-layout-constrained\">\n<h2 class=\"wp-block-heading\">In the Mix<\/h2>\n\n\n\n<iframe loading=\"lazy\" width=\"100%\" height=\"120\" src=\"https:\/\/player-widget.mixcloud.com\/widget\/iframe\/?hide_cover=1&#038;light=1&#038;feed=%2FM%25C3%25BCller_und_Schmidt%2Fsummer-tour-2016-mix%2F\" frameborder=\"0\" allow=\"encrypted-media; fullscreen; autoplay; idle-detection; speaker-selection; web-share;\" ><\/iframe>\n\n\n\n<p><\/p>\n<\/div>\n","protected":false},"excerpt":{"rendered":"<p>Willkommen bei M\u00fcller &amp; Schmidt Die beiden Deejays Patrick M\u00fcller und Jan Schmidt sind bereit f\u00fcr ihre Veranstaltung! Seit 2014 stehen Patrick M\u00fcller und Jan Schmidt gemeinsam als DJ Team hinter den Plattentellern. Bild: Patrick und Jan zu Gast bei der Narrenzunft Neresheim e.V. Die Deejays mixen feinste Partymusik, Rhythmen aus den Charts und Hits [&hellip;]<\/p>\n","protected":false},"author":1,"featured_media":0,"parent":0,"menu_order":0,"comment_status":"closed","ping_status":"open","template":"","meta":{"footnotes":""},"class_list":["post-2","page","type-page","status-publish","hentry"],"_links":{"self":[{"href":"https:\/\/muellerschmidt.de\/index.php\/wp-json\/wp\/v2\/pages\/2","targetHints":{"allow":["GET"]}}],"collection":[{"href":"https:\/\/muellerschmidt.de\/index.php\/wp-json\/wp\/v2\/pages"}],"about":[{"href":"https:\/\/muellerschmidt.de\/index.php\/wp-json\/wp\/v2\/types\/page"}],"author":[{"embeddable":true,"href":"https:\/\/muellerschmidt.de\/index.php\/wp-json\/wp\/v2\/users\/1"}],"replies":[{"embeddable":true,"href":"https:\/\/muellerschmidt.de\/index.php\/wp-json\/wp\/v2\/comments?post=2"}],"version-history":[{"count":11,"href":"https:\/\/muellerschmidt.de\/index.php\/wp-json\/wp\/v2\/pages\/2\/revisions"}],"predecessor-version":[{"id":58,"href":"https:\/\/muellerschmidt.de\/index.php\/wp-json\/wp\/v2\/pages\/2\/revisions\/58"}],"wp:attachment":[{"href":"https:\/\/muellerschmidt.de\/index.php\/wp-json\/wp\/v2\/media?parent=2"}],"curies":[{"name":"wp","href":"https:\/\/api.w.org\/{rel}","templated":true}]}}